{"id":5960,"date":"2021-09-10T14:57:42","date_gmt":"2021-09-10T14:57:42","guid":{"rendered":"https:\/\/www.born-product.com\/?page_id=5960"},"modified":"2025-10-02T15:13:28","modified_gmt":"2025-10-02T15:13:28","slug":"home-2","status":"publish","type":"page","link":"https:\/\/www.born-product.com\/","title":{"rendered":"Home"},"content":{"rendered":"<div class=\"wpb-content-wrapper\">[vc_section full_width=\u00bbstretch_row_content\u00bb css=\u00bb.vc_custom_1689966078708{background-image: url(https:\/\/www.born-product.com\/wp-content\/uploads\/2021\/09\/fondoFormulario-1.jpg?id=6049) !important;background-position: center !important;background-repeat: no-repeat !important;background-size: cover !important;}\u00bb el_id=\u00bbformulario\u00bb][vc_row][vc_column width=\u00bb1\/2&#8243;][\/vc_column][vc_column width=\u00bb1\/2&#8243; css=\u00bb.vc_custom_1691592627761{margin-top: 10px !important;margin-bottom: 0px !important;}\u00bb offset=\u00bbvc_hidden-sm vc_hidden-xs\u00bb][vc_column_text]<object data=\"https:\/\/www.born-product.com\/RegistroBorn\/\" width=\"620px\" height=\"855px\"><\/object>[\/vc_column_text][\/vc_column][\/vc_row][vc_row][vc_column width=\u00bb1\/2&#8243;][\/vc_column][vc_column width=\u00bb1\/2&#8243; css=\u00bb.vc_custom_1691592646421{margin-top: 10px !important;margin-bottom: 0px !important;}\u00bb offset=\u00bbvc_hidden-lg vc_hidden-md\u00bb][vc_column_text]<object data=\"https:\/\/www.born-product.com\/RegistroBorn\/\" width=\"620px\" height=\"1100px\"><\/object>[\/vc_column_text][\/vc_column][\/vc_row][\/vc_section][vc_row full_width=\u00bbstretch_row_content_no_spaces\u00bb fullwidth=\u00bbyes\u00bb fw_columns=\u00bbyes\u00bb fw_same_height=\u00bbyes\u00bb css=\u00bb.vc_custom_1631724721751{margin-top: 30px !important;}\u00bb][vc_column width=\u00bb1\/4&#8243;][vc_single_image image=\u00bb6005&#8243; img_size=\u00bbfull\u00bb onclick=\u00bbcustom_link\u00bb link=\u00bbhttps:\/\/www.born-product.com\/index.php\/pagina-paseo\/\u00bb][\/vc_column][vc_column width=\u00bb1\/4&#8243;][vc_single_image image=\u00bb6004&#8243; img_size=\u00bbfull\u00bb onclick=\u00bbcustom_link\u00bb link=\u00bbhttps:\/\/www.born-product.com\/index.php\/pagina-sueno\/\u00bb][\/vc_column][vc_column width=\u00bb1\/4&#8243;][vc_single_image image=\u00bb6008&#8243; img_size=\u00bbfull\u00bb onclick=\u00bbcustom_link\u00bb link=\u00bbhttps:\/\/www.born-product.com\/index.php\/los-mas-pedidos\/\u00bb][\/vc_column][vc_column width=\u00bb1\/4&#8243;][vc_single_image image=\u00bb6007&#8243; img_size=\u00bbfull\u00bb onclick=\u00bbcustom_link\u00bb link=\u00bbhttps:\/\/www.born-product.com\/index.php\/pagina-alimentacion\/\u00bb][\/vc_column][\/vc_row][vc_section full_width=\u00bbstretch_row\u00bb css=\u00bb.vc_custom_1635219457174{background-image: url(https:\/\/www.born-product.com\/wp-content\/uploads\/2021\/09\/FondoModuloTexto.jpg?id=5982) !important;background-position: 0 0 !important;background-repeat: no-repeat !important;}\u00bb][vc_row fullwidth=\u00bbyes\u00bb][vc_column width=\u00bb1\/2&#8243; offset=\u00bbvc_hidden-xs\u00bb][\/vc_column][vc_column width=\u00bb1\/2&#8243; offset=\u00bbvc_hidden-xs\u00bb][vc_column_text css=\u00bb.vc_custom_1633969374371{margin-top: 0px !important;padding-left: 0px !important;}\u00bb]\n<h1 style=\"text-align: center; color: #00b4cd;\">\u00abDesde el primer d\u00eda contigo\u00bb<\/h1>\n[\/vc_column_text][vc_column_text css=\u00bb.vc_custom_1633969454217{padding-bottom: 80px !important;padding-left: 0px !important;}\u00bb]\n<p style=\"font-size: 16px;\">Somos una marca europea que abre su primera franquicia de tiendas en el pa\u00eds de la mano de Corporaci\u00f3n Favorita.<\/p>\n<p style=\"font-size: 16px;\">En B\u00f6rn encontrar\u00e1s lo que necesitas para cuidar y consentir al beb\u00e9, esto nos convierte en el c\u00f3mplice ideal para acompa\u00f1arte en cada etapa con nuestras diversas l\u00edneas de productos, calidad garantizada a precios accesibles.<\/p>\n<p style=\"font-size: 16px;\">Disfrutemos juntos la alegr\u00eda y la ilusi\u00f3n que nace en cada momento.<\/p>\n<p style=\"font-size: 16px;\">B\u00f6rn, desde el primer d\u00eda contigo.<\/p>\n[\/vc_column_text][\/vc_column][\/vc_row][vc_row fullwidth=\u00bbyes\u00bb][vc_column width=\u00bb1\/2&#8243; offset=\u00bbvc_hidden-lg vc_hidden-md vc_hidden-sm vc_hidden-xs\u00bb][\/vc_column][vc_column width=\u00bb1\/2&#8243; offset=\u00bbvc_hidden-lg vc_hidden-md vc_hidden-sm\u00bb css=\u00bb.vc_custom_1635219760752{margin-top: 600px !important;margin-bottom: -100px !important;}\u00bb][vc_column_text css=\u00bb.vc_custom_1633969374371{margin-top: 0px !important;padding-left: 0px !important;}\u00bb]\n<h1 style=\"text-align: center; color: #00b4cd;\">\u00abDesde el primer d\u00eda contigo\u00bb<\/h1>\n[\/vc_column_text][vc_column_text css=\u00bb.vc_custom_1633969454217{padding-bottom: 80px !important;padding-left: 0px !important;}\u00bb]\n<p style=\"font-size: 16px;\">Somos una marca europea que abre su primera franquicia de tiendas en el pa\u00eds de la mano de Corporaci\u00f3n Favorita.<\/p>\n<p style=\"font-size: 16px;\">En B\u00f6rn encontrar\u00e1s lo que necesitas para cuidar y consentir al beb\u00e9, esto nos convierte en el c\u00f3mplice ideal para acompa\u00f1arte en cada etapa con nuestras diversas l\u00edneas de productos, calidad garantizada a precios accesibles.<\/p>\n<p style=\"font-size: 16px;\">Disfrutemos juntos la alegr\u00eda y la ilusi\u00f3n que nace en cada momento.<\/p>\n<p style=\"font-size: 16px;\">B\u00f6rn, desde el primer d\u00eda contigo.<\/p>\n[\/vc_column_text][\/vc_column][\/vc_row][\/vc_section][vc_row css=\u00bb.vc_custom_1633983429772{margin-top: 30px !important;}\u00bb][vc_column][vc_column_text]\n<h1 style=\"text-align: center; color: #424268;\"><strong>Los m\u00e1s pedidos<\/strong><\/h1>\n[\/vc_column_text]<div class=\"woocommerce columns-4 \"><\/div>[\/vc_column][\/vc_row][vc_section][vc_row][vc_column][vc_single_image image=\u00bb6020&#8243; img_size=\u00bbmedium\u00bb alignment=\u00bbcenter\u00bb][\/vc_column][\/vc_row][vc_row][vc_column][vc_single_image image=\u00bb6030&#8243; img_size=\u00bbmedium\u00bb alignment=\u00bbcenter\u00bb][\/vc_column][\/vc_row][vc_row][vc_column width=\u00bb1\/4&#8243;][\/vc_column][vc_column width=\u00bb1\/2&#8243;][vc_column_text]\n<p style=\"font-size: 18px; text-align: center;\">Ens\u00e9\u00f1anos cu\u00e1nto amor recibes de B\u00f6rn\u00ae. Etiqueta tus fotos con #iloveborn o @Born_ecuador y comparte con nosotros tus mejores momentos B\u00f6rn\u00ae<\/p>\n[\/vc_column_text][\/vc_column][vc_column width=\u00bb1\/4&#8243;][\/vc_column][\/vc_row][\/vc_section]\n<\/div>","protected":false},"excerpt":{"rendered":"<p>[vc_section full_width=\u00bbstretch_row_content\u00bb css=\u00bb.vc_custom_1689966078708{background-image: url(https:\/\/www.born-product.com\/wp-content\/uploads\/2021\/09\/fondoFormulario-1.jpg?id=6049) !important;background-position: center !important;background-repeat: no-repeat !important;background-size: cover !important;}\u00bb el_id=\u00bbformulario\u00bb][vc_row][vc_column width=\u00bb1\/2&#8243;][\/vc_column][vc_column width=\u00bb1\/2&#8243; css=\u00bb.vc_custom_1691592627761{margin-top: 10px !important;margin-bottom: 0px !important;}\u00bb offset=\u00bbvc_hidden-sm [&hellip;]<\/p>\n","protected":false},"author":1,"featured_media":0,"parent":0,"menu_order":0,"comment_status":"closed","ping_status":"closed","template":"","meta":{"footnotes":""},"class_list":["post-5960","page","type-page","status-publish","hentry"],"_links":{"self":[{"href":"https:\/\/www.born-product.com\/index.php\/wp-json\/wp\/v2\/pages\/5960","targetHints":{"allow":["GET"]}}],"collection":[{"href":"https:\/\/www.born-product.com\/index.php\/wp-json\/wp\/v2\/pages"}],"about":[{"href":"https:\/\/www.born-product.com\/index.php\/wp-json\/wp\/v2\/types\/page"}],"author":[{"embeddable":true,"href":"https:\/\/www.born-product.com\/index.php\/wp-json\/wp\/v2\/users\/1"}],"replies":[{"embeddable":true,"href":"https:\/\/www.born-product.com\/index.php\/wp-json\/wp\/v2\/comments?post=5960"}],"version-history":[{"count":138,"href":"https:\/\/www.born-product.com\/index.php\/wp-json\/wp\/v2\/pages\/5960\/revisions"}],"predecessor-version":[{"id":6505,"href":"https:\/\/www.born-product.com\/index.php\/wp-json\/wp\/v2\/pages\/5960\/revisions\/6505"}],"wp:attachment":[{"href":"https:\/\/www.born-product.com\/index.php\/wp-json\/wp\/v2\/media?parent=5960"}],"curies":[{"name":"wp","href":"https:\/\/api.w.org\/{rel}","templated":true}]}}