{"id":6249,"date":"2021-10-26T01:56:09","date_gmt":"2021-10-26T01:56:09","guid":{"rendered":"https:\/\/www.born-product.com\/?page_id=6249"},"modified":"2021-10-26T01:56:09","modified_gmt":"2021-10-26T01:56:09","slug":"pagina-alimentacion","status":"publish","type":"page","link":"https:\/\/www.born-product.com\/index.php\/pagina-alimentacion\/","title":{"rendered":"Pagina Alimentaci\u00f3n"},"content":{"rendered":"<div class=\"wpb-content-wrapper\">[vc_section][vc_row][vc_column width=\u00bb1\/4&#8243;][vc_single_image image=\u00bb6238&#8243; img_size=\u00bbmedium\u00bb style=\u00bbvc_box_shadow_border\u00bb][\/vc_column][vc_column width=\u00bb3\/4&#8243;]<div class=\"shortcode-wrapper shortcode-title clearfix hb-animate-element hb-fade-in\" data-delay=\"300\"><p style=\"color:#6ac0d0!important;border-color:#6ac0d0\" class=\"hb-text-large \">ALIMENTACI\u00d3N<\/p><\/div>[vc_column_text css=\u00bb.vc_custom_1635213357441{margin-top: 20px !important;}\u00bb]Comer ser\u00e1 la actividad favorita del d\u00eda de tu beb\u00e9.\u00a0B\u00d6RN te ofrece productos dise\u00f1ados para hacer que la hora de la comida sea un momento m\u00e1s f\u00e1cil y divertido para ti y tu beb\u00e9.[\/vc_column_text][\/vc_column][\/vc_row][vc_row][vc_column]<div class=\"woocommerce columns-4 \"><\/div>[\/vc_column][\/vc_row][\/vc_section]\n<\/div>","protected":false},"excerpt":{"rendered":"<p>[vc_section][vc_row][vc_column width=\u00bb1\/4&#8243;][vc_single_image image=\u00bb6238&#8243; img_size=\u00bbmedium\u00bb style=\u00bbvc_box_shadow_border\u00bb][\/vc_column][vc_column width=\u00bb3\/4&#8243;][vc_column_text css=\u00bb.vc_custom_1635213357441{margin-top: 20px !important;}\u00bb]Comer ser\u00e1 la actividad favorita del d\u00eda de tu beb\u00e9.\u00a0B\u00d6RN te ofrece [&hellip;]<\/p>\n","protected":false},"author":1,"featured_media":0,"parent":0,"menu_order":0,"comment_status":"closed","ping_status":"closed","template":"","meta":{"footnotes":""},"class_list":["post-6249","page","type-page","status-publish","hentry"],"_links":{"self":[{"href":"https:\/\/www.born-product.com\/index.php\/wp-json\/wp\/v2\/pages\/6249","targetHints":{"allow":["GET"]}}],"collection":[{"href":"https:\/\/www.born-product.com\/index.php\/wp-json\/wp\/v2\/pages"}],"about":[{"href":"https:\/\/www.born-product.com\/index.php\/wp-json\/wp\/v2\/types\/page"}],"author":[{"embeddable":true,"href":"https:\/\/www.born-product.com\/index.php\/wp-json\/wp\/v2\/users\/1"}],"replies":[{"embeddable":true,"href":"https:\/\/www.born-product.com\/index.php\/wp-json\/wp\/v2\/comments?post=6249"}],"version-history":[{"count":1,"href":"https:\/\/www.born-product.com\/index.php\/wp-json\/wp\/v2\/pages\/6249\/revisions"}],"predecessor-version":[{"id":6250,"href":"https:\/\/www.born-product.com\/index.php\/wp-json\/wp\/v2\/pages\/6249\/revisions\/6250"}],"wp:attachment":[{"href":"https:\/\/www.born-product.com\/index.php\/wp-json\/wp\/v2\/media?parent=6249"}],"curies":[{"name":"wp","href":"https:\/\/api.w.org\/{rel}","templated":true}]}}