{"id":6423,"date":"2023-07-21T22:55:25","date_gmt":"2023-07-21T22:55:25","guid":{"rendered":"https:\/\/www.born-product.com\/?page_id=6423"},"modified":"2023-08-07T15:27:18","modified_gmt":"2023-08-07T15:27:18","slug":"terminos_y_condiciones","status":"publish","type":"page","link":"https:\/\/www.born-product.com\/index.php\/terminos_y_condiciones\/","title":{"rendered":"T\u00e9rminos y Condiciones de Uso"},"content":{"rendered":"<p><strong>T\u00e9rminos y condiciones<\/strong><\/p>\n<p>Este contrato (en adelante, \u201cel Contrato\u201d o \u201cel Acuerdo\u201d) describe los t\u00e9rminos y condiciones generales (los \u00abT\u00e9rminos y Condiciones Generales\u00bb) para al acceso y uso de los servicios ofrecidos por BEBELANDIA S.A. dentro de sus sitios web y\/o apps, en particular esta app\/sitio web denominado \u201c https:\/\/www.born-product.com\/\u201d (en adelante, \u201ceste sitio\u201d, \u201caqu\u00ed\u201d).<\/p>\n<p>Forma parte integral de este contrato de T\u00e9rminos y Condiciones Generales, nuestra Pol\u00edtica de Privacidad, al igual que nuestra Pol\u00edtica de Cookies.<\/p>\n<p>Cualquier persona que desee acceder y\/o usar dichos sitios\/apps o los servicios podr\u00e1 hacerlo sujet\u00e1ndose a los T\u00e9rminos y Condiciones. En consecuencia, todas las visitas y todos los contratos y transacciones que se realicen en este sitio, como asimismo sus efectos jur\u00eddicos, quedar\u00e1n regidos por estas reglas y sometidas a la legislaci\u00f3n aplicable en la Rep\u00fablica del Ecuador.<\/p>\n<p>Si utilizas este sitio significa que has aceptado plenamente las condiciones establecidas en los T\u00e9rminos y Condiciones y en las Pol\u00edticas de BEBELANDIA S.A. \u00a0\u00a0(en adelante, BEBELANDIA S.A., \u201cnosotros\u201d, \u201cnuestros\u201d). Por ello, te obligas a cumplir expresamente con las mismas; al igual que nosotros nos comprometemos a brindar los Servicios bajo las condiciones estipuladas en este contrato.<\/p>\n<p>El objetivo de este sitio es capturar los datos de los futuros y potenciales clientes de BEBELANDIA S.A.<\/p>\n<p><strong>1.- Capacidad<\/strong><\/p>\n<p>No podr\u00e1n utilizar los servicios de este sitio, las personas que no tengan capacidad legal ni los menores de edad. Los actos que \u00e9stos realicen en este sitio ser\u00e1n responsabilidad de sus padres, tutores, encargados o curadores, y por tanto se considerar\u00e1n realizados por \u00e9stos en ejercicio de la representaci\u00f3n legal con la que cuentan. Si est\u00e1s registrando un Usuario como empresa, debes tener capacidad para contratar a nombre de tal entidad y de obligar a la misma en los t\u00e9rminos de este Acuerdo.<\/p>\n<p><strong>2.- Registro y usos permitidos de los Servicios<\/strong><\/p>\n<p>BEBELANDIA S.A. se reserva el derecho de solicitar alg\u00fan comprobante y\/o dato adicional a efectos de corroborar los Datos Personales, as\u00ed como de suspender temporal o definitivamente a aquellos Usuarios cuyos datos no hayan podido ser confirmados.<\/p>\n<p>El Usuario podr\u00e1 disponer, una vez registrado, de un nombre y contrase\u00f1a o clave (en adelante, \u201cla Clave Secreta\u201d, \u201cla Clave\u201d, \u201cla Contrase\u00f1a\u201d o \u201cla Clave de Acceso\u201d) que le permitir\u00e1 el acceso personalizado, confidencial y seguro. En caso de poseer estos datos el Usuario tendr\u00e1 la posibilidad de cambiar la Clave de Acceso, para lo cual deber\u00e1 sujetarse al procedimiento establecido en el sitio respectivo. El Usuario se obliga a mantener la confidencialidad de su Clave de Acceso, asumiendo totalmente la responsabilidad por el mantenimiento de la confidencialidad de su Clave Secreta registrada en este sitio web, la cual le permite efectuar compras, solicitar servicios y obtener informaci\u00f3n. Dicha Clave es de uso personal y su entrega a terceros, no involucra responsabilidad de BEBELANDIA S.A. o de las empresas relacionadas a BEBELANDIA S.A.\u00a0 en caso de mala utilizaci\u00f3n.<\/p>\n<p>El Usuario ser\u00e1 responsable por todas las operaciones efectuadas en su Cuenta, pues el acceso a la misma est\u00e1 restringido al ingreso y uso de su Clave Secreta, de conocimiento exclusivo del Usuario. El Usuario se compromete a notificar a BEBELANDIA S.A. en forma inmediata, a trav\u00e9s de los canales de comunicaci\u00f3n descritos en este contrato, cualquier uso no autorizado de su Cuenta, as\u00ed como el ingreso por terceros no autorizados a la misma. Se aclara que est\u00e1 prohibida la venta, cesi\u00f3n o transferencia de la Clave.<\/p>\n<p>BEBELANDIA S.A.\u00a0 se reserva el derecho de rechazar cualquier solicitud de registro, de cancelar un registro previamente aceptado, sin que est\u00e9 obligado a comunicar o exponer las razones de su decisi\u00f3n y sin que ello genere alg\u00fan derecho a indemnizaci\u00f3n o resarcimiento.<\/p>\n<p>El aprovechamiento de los Servicios y contenidos de este sitio es exclusiva responsabilidad del usuario, quien en todo caso deber\u00e1 servirse de ellos acorde a las funcionalidades permitidas en este sitio, por lo que el usuario se obliga a utilizarlos de modo tal que no atenten contra las normas de uso y conciencia en internet ni contra leyes ecuatorianas. Este sitio es para el uso personal y del usuario por lo que no podr\u00e1 comercializarlo de manera alguna.<\/p>\n<ol start=\"3\">\n<li><strong> \u2013 Recopilaci\u00f3n de la informaci\u00f3n<\/strong><\/li>\n<\/ol>\n<p>Todo lo relacionado con el manejo de datos personales consta descrito en la Pol\u00edtica de Privacidad de BEBELANDIA S.A.<\/p>\n<p>Para utilizar los Servicios ofrecidos por este sitio los Usuarios deber\u00e1n facilitar algunos datos de car\u00e1cter personal. Su informaci\u00f3n personal se procesa y almacena en servidores o medios magn\u00e9ticos que mantienen altos est\u00e1ndares de seguridad y protecci\u00f3n tanto f\u00edsica como tecnol\u00f3gica. Para m\u00e1s informaci\u00f3n sobre la privacidad de los Datos Personales, puede consultar nuestra Pol\u00edtica de Privacidad.<\/p>\n<p>Protegemos la seguridad de la informaci\u00f3n y datos personales de nuestros usuarios. Para conocer las medidas de protecci\u00f3n de informaci\u00f3n y datos personales, puede consultar nuestra Pol\u00edtica de Privacidad.<\/p>\n<p>BEBELANDIA S.A. usa los est\u00e1ndares de la industria entre materia de seguridad de la informaci\u00f3n y datos personales. Empleamos diversas t\u00e9cnicas de seguridad para proteger tales datos de accesos no autorizados por usuarios de dentro o fuera de nuestra compa\u00f1\u00eda. Sin embargo, es necesario tener muy en cuenta que la seguridad perfecta no existe en Internet.<\/p>\n<p>Por ello, BEBELANDIA S.A. no se hace responsable por interceptaciones ilegales o violaci\u00f3n de sus sistemas o bases de datos por parte de personas no autorizadas. BEBELANDIA S.A. se hace responsable por la indebida utilizaci\u00f3n de la informaci\u00f3n obtenida por esos medios.<\/p>\n<p><strong>4.-Modificaciones del contrato<\/strong><\/p>\n<p>BEBELANDIA S.A. podr\u00e1 modificar los T\u00e9rminos y Condiciones en cualquier momento haciendo p\u00fablicos los t\u00e9rminos modificados en este sitio u otros medios de comunicaci\u00f3n con sus usuarios. Si no acepta los cambios quedar\u00e1 disuelto el v\u00ednculo contractual y ser\u00e1 inhabilitado como Usuario siempre que no tenga deudas pendientes.<\/p>\n<p><strong>5.- Menores de edad<\/strong><\/p>\n<p>Nuestros servicios s\u00f3lo est\u00e1n disponibles para aquellas personas que tengan capacidad legal para contratar. Por lo tanto, aquellos que no cumplan con esta condici\u00f3n deber\u00e1n abstenerse de suministrar informaci\u00f3n personal para ser incluida en nuestras bases de datos. Sin embargo, pueden hacerlo a trav\u00e9s de los padres, tutores o curadores, conforme lo establecido en nuestros T\u00e9rminos y Condiciones.<\/p>\n<p><strong>6.- Propiedad Intelectual<\/strong><\/p>\n<p>Los contenidos de las pantallas relativas a los servicios de este sitio como as\u00ed tambi\u00e9n la informaci\u00f3n, datos, textos gr\u00e1ficos, im\u00e1genes, fotograf\u00edas, audio y video clips, logotipos, \u00edconos, programas, bases de datos, redes, archivos que permiten al Usuario acceder y usar su Cuenta, son de propiedad de BEBELANDIA S.A. y est\u00e1n protegidas por las leyes y los tratados internacionales de derecho de autor, marcas, patentes, modelos y dise\u00f1os industriales. El uso indebido y la reproducci\u00f3n total o parcial de dichos contenidos quedan prohibidos, salvo autorizaci\u00f3n expresa y por escrito de BEBELANDIA S.A.<\/p>\n<p><strong>7.\u2013 Sanciones y Suspensi\u00f3n de operaciones<\/strong><\/p>\n<p>Sin perjuicio de otras medidas, [nombre de la compa\u00f1\u00eda] advertir\u00e1, suspender\u00e1 temporalmente o inhabilitar\u00e1 definitivamente la Cuenta de un Usuario e iniciar\u00e1 las acciones que estime pertinentes, y dejar\u00e1 de prestar sus Servicios si (a) se quebrantara alguna ley, o cualquiera de las estipulaciones de los T\u00e9rminos y Condiciones Generales y dem\u00e1s pol\u00edticas de BEBELANDIA S.A.; (b) si incumpliera sus compromisos como Usuario; (c) si se incurriera a criterio de BEBELANDIA S.A. \u00a0en conductas o actos dolosos o fraudulentos; (d) no pudiera verificarse la identidad del Usuario o cualquier informaci\u00f3n proporcionada por el mismo fuere err\u00f3nea.<strong>\u00a0<\/strong><\/p>\n<p><strong>8.- Fallas en el sistema<\/strong><\/p>\n<p>BEBELANDIA S.A. no se responsabiliza por cualquier da\u00f1o, perjuicio o p\u00e9rdida al Usuario causados por fallas en el sistema, en el servidor o en Internet. BEBELANDIA S.A. tampoco ser\u00e1 responsable por cualquier virus que pudiera infectar el equipo del Usuario como consecuencia del acceso, uso o examen de su sitio web o a ra\u00edz de cualquier transferencia de datos, archivos, im\u00e1genes, textos, o audio contenidos en el mismo. Es responsabilidad absoluta de los Usuarios el mantener sus computadoras protegidas de esta clase de eventos con los sistemas, softwares y precauciones que se encuentran a su alcance. Los Usuarios no podr\u00e1n imputarle responsabilidad alguna ni exigir pago por da\u00f1o emergente o lucro cesante, en virtud de perjuicios resultantes de dificultades t\u00e9cnicas o fallas en los sistemas o en Internet. BEBELANDIA S.A. no garantiza el acceso y uso continuado o ininterrumpido de su sitio. El sistema puede eventualmente no estar disponible debido a dificultades t\u00e9cnicas o fallas de Internet, o por cualquier otra circunstancia ajena BEBELANDIA S.A.; en tales casos se procurar\u00e1 restablecerlo con la mayor celeridad posible sin que por ello pueda imput\u00e1rsele alg\u00fan tipo de responsabilidad. BEBELANDIA S.A. no ser\u00e1 responsable por ning\u00fan error u omisi\u00f3n contenidos en su sitio web.<\/p>\n<p><strong>9.\u2013 C\u00f3mo contactarnos<\/strong><\/p>\n<p>Si tiene cualquier pregunta sobre este contrato, puede ponerse en contacto con nosotros enviando un correo electr\u00f3nico a <a href=\"mailto:datospersonales@bebelandia.com.ec\">datospersonales@bebelandia.com.ec<\/a><\/p>\n","protected":false},"excerpt":{"rendered":"<p>T\u00e9rminos y condiciones Este contrato (en adelante, \u201cel Contrato\u201d o \u201cel Acuerdo\u201d) describe los t\u00e9rminos y condiciones generales (los \u00abT\u00e9rminos [&hellip;]<\/p>\n","protected":false},"author":1,"featured_media":0,"parent":0,"menu_order":0,"comment_status":"closed","ping_status":"open","template":"","meta":{"footnotes":""},"class_list":["post-6423","page","type-page","status-publish","hentry"],"_links":{"self":[{"href":"https:\/\/www.born-product.com\/index.php\/wp-json\/wp\/v2\/pages\/6423","targetHints":{"allow":["GET"]}}],"collection":[{"href":"https:\/\/www.born-product.com\/index.php\/wp-json\/wp\/v2\/pages"}],"about":[{"href":"https:\/\/www.born-product.com\/index.php\/wp-json\/wp\/v2\/types\/page"}],"author":[{"embeddable":true,"href":"https:\/\/www.born-product.com\/index.php\/wp-json\/wp\/v2\/users\/1"}],"replies":[{"embeddable":true,"href":"https:\/\/www.born-product.com\/index.php\/wp-json\/wp\/v2\/comments?post=6423"}],"version-history":[{"count":3,"href":"https:\/\/www.born-product.com\/index.php\/wp-json\/wp\/v2\/pages\/6423\/revisions"}],"predecessor-version":[{"id":6489,"href":"https:\/\/www.born-product.com\/index.php\/wp-json\/wp\/v2\/pages\/6423\/revisions\/6489"}],"wp:attachment":[{"href":"https:\/\/www.born-product.com\/index.php\/wp-json\/wp\/v2\/media?parent=6423"}],"curies":[{"name":"wp","href":"https:\/\/api.w.org\/{rel}","templated":true}]}}