{"id":6428,"date":"2023-07-21T23:07:32","date_gmt":"2023-07-21T23:07:32","guid":{"rendered":"https:\/\/www.born-product.com\/?page_id=6428"},"modified":"2023-07-21T23:29:03","modified_gmt":"2023-07-21T23:29:03","slug":"derecho_sobre_datos_personales","status":"publish","type":"page","link":"https:\/\/www.born-product.com\/index.php\/derecho_sobre_datos_personales\/","title":{"rendered":"DERECHO SOBRE DATOS PERSONALES"},"content":{"rendered":"<div class=\"wpb-content-wrapper\">[vc_row][vc_column][vc_column_text]FORMULARIO DE EJERCICIO DE DERECHOS SOBRE DATOS PERSONALES<\/p>\n<p>Estimado cliente,<\/p>\n<p>Si usted quiere ejercer los derechos que la Ley Org\u00e1nica de Protecci\u00f3n de Datos le confiere, por favor continuar con el siguiente proceso:<\/p>\n<ol>\n<li>Descargue el documento denominado \u201c<a style=\"text-decoration: underline;\" href=\"https:\/\/www.born-product.com\/Formulario_ejercicio_de_derechos_por_parte_del_titular.docx\" target=\"_blank\" rel=\"noopener\">FORMULARIO DE EJERCICIO DE DERECHOS SOBRE DATOS PERSONALES\u201d<\/a> (en adelante, Formulario).<\/li>\n<li>Complete todas las secciones del FORMULARIO DE EJERCICIO DE DERECHOS SOBRE DATOS PERSONALES.<\/li>\n<li>Firme el FORMULARIO DE EJERCICIO DE DERECHOS SOBRE DATOS PERSONALES.<\/li>\n<li>Env\u00ede el FORMULARIO DE EJERCICIO DE DERECHOS SOBRE DATOS PERSONALES junto con los documentos all\u00ed detallados para validar su identidad al correo electr\u00f3nico datospersonales@bebemundo.ec<\/li>\n<\/ol>\n<p>&nbsp;<\/p>\n<p>Una vez que hayamos recibido su FORMULARIO DE EJERCICIO DE DERECHOS SOBRE DATOS PERSONALES le daremos respuesta en los plazos legales.<\/p>\n<p>&nbsp;[\/vc_column_text][\/vc_column][\/vc_row]\n<\/div>","protected":false},"excerpt":{"rendered":"<p>[vc_row][vc_column][vc_column_text]FORMULARIO DE EJERCICIO DE DERECHOS SOBRE DATOS PERSONALES Estimado cliente, Si usted quiere ejercer los derechos que la Ley Org\u00e1nica [&hellip;]<\/p>\n","protected":false},"author":1,"featured_media":0,"parent":0,"menu_order":0,"comment_status":"closed","ping_status":"open","template":"","meta":{"footnotes":""},"class_list":["post-6428","page","type-page","status-publish","hentry"],"_links":{"self":[{"href":"https:\/\/www.born-product.com\/index.php\/wp-json\/wp\/v2\/pages\/6428","targetHints":{"allow":["GET"]}}],"collection":[{"href":"https:\/\/www.born-product.com\/index.php\/wp-json\/wp\/v2\/pages"}],"about":[{"href":"https:\/\/www.born-product.com\/index.php\/wp-json\/wp\/v2\/types\/page"}],"author":[{"embeddable":true,"href":"https:\/\/www.born-product.com\/index.php\/wp-json\/wp\/v2\/users\/1"}],"replies":[{"embeddable":true,"href":"https:\/\/www.born-product.com\/index.php\/wp-json\/wp\/v2\/comments?post=6428"}],"version-history":[{"count":4,"href":"https:\/\/www.born-product.com\/index.php\/wp-json\/wp\/v2\/pages\/6428\/revisions"}],"predecessor-version":[{"id":6435,"href":"https:\/\/www.born-product.com\/index.php\/wp-json\/wp\/v2\/pages\/6428\/revisions\/6435"}],"wp:attachment":[{"href":"https:\/\/www.born-product.com\/index.php\/wp-json\/wp\/v2\/media?parent=6428"}],"curies":[{"name":"wp","href":"https:\/\/api.w.org\/{rel}","templated":true}]}}