{"id":6438,"date":"2023-07-25T13:56:44","date_gmt":"2023-07-25T13:56:44","guid":{"rendered":"https:\/\/www.born-product.com\/?page_id=6438"},"modified":"2023-08-07T15:28:18","modified_gmt":"2023-08-07T15:28:18","slug":"politica-de-cookies","status":"publish","type":"page","link":"https:\/\/www.born-product.com\/index.php\/politica-de-cookies\/","title":{"rendered":"Politica de Cookies"},"content":{"rendered":"<div class=\"wpb-content-wrapper\">[vc_row][vc_column][vc_column_text]<strong>Pol\u00edtica de cookies de BEBELANDIA S.A.<\/strong><\/p>\n<p>Este documento contiene la Pol\u00edtica de Cookies de la empresa BEBELANDIA S.A.<\/p>\n<p>El objetivo de esta Pol\u00edtica es proporcionarle, como usuario de los servicios de BEBELANDIA S.A. informaci\u00f3n clara y accesible acerca de las cookies que BEBELANDIA S.A. utiliza, la funci\u00f3n que desempe\u00f1an y las opciones que tiene en cuanto a la configuraci\u00f3n de sus cookies.<\/p>\n<ol>\n<li><strong><u> \u00bfQu\u00e9 son las cookies y otras tecnolog\u00edas similares?<\/u><\/strong><\/li>\n<\/ol>\n<p>Las cookies son archivos de texto que se descargan en el dispositivo cuando usted visita un sitio web. Son \u00fatiles, porque le permiten a un sitio web reconocer el dispositivo de un usuario. Puede encontrar m\u00e1s informaci\u00f3n acerca de las cookies en: www.allaboutcookies.org \u00a0o www.youronlinechoices.eu<\/p>\n<p>El t\u00e9rmino \u00abcookie\u00bb en realidad se refiere a una amplia gama de tecnolog\u00edas, entre las que se incluyen:<\/p>\n<ul>\n<li>etiquetas de p\u00edxel (im\u00e1genes gr\u00e1ficas transparentes que se ubican en una p\u00e1gina web o en un email, y que indican que se ha visto una p\u00e1gina o un email),<\/li>\n<li>identificadores de dispositivos m\u00f3viles, y<\/li>\n<li>almacenamiento web utilizado en un software de escritorio o en dispositivos m\u00f3viles.<\/li>\n<\/ul>\n<p>En esta Pol\u00edtica utilizaremos el t\u00e9rmino \u00abcookie\u00bb para referirnos a todas estas tecnolog\u00edas, pero nos aseguraremos de proporcionarle detalles claros sobre todas ellas, de manera que pueda tomar decisiones fundamentadas acerca de la configuraci\u00f3n de sus cookies.<\/p>\n<p>Las cookies tienen muchas funciones, como permitirle navegar entre p\u00e1ginas de forma eficaz, recordar sus preferencias y, en general, mejorar su experiencia de usuario. Tambi\u00e9n pueden ayudar a garantizar que los anuncios que vea en l\u00ednea sean m\u00e1s pertinentes para usted y sus intereses.<\/p>\n<p>Existen algunas categor\u00edas distintas de cookies, entre las que se incluyen:<\/p>\n<ul>\n<li>Cookies de sesi\u00f3n y persistentes.\n<ul>\n<li>Cookies de sesi\u00f3n: son cookies que vencen una vez que cierra su navegador web.<\/li>\n<li>Cookies persistentes: estas son cookies que permanecen en su dispositivo durante un tiempo establecido o hasta que las elimine.<\/li>\n<\/ul>\n<\/li>\n<li>Cookies propias y de terceros.\n<ul>\n<li>Cookies propias: estas son cookies que establece el sitio web que est\u00e1 visitando en ese momento, ya sea de nuestra parte o por solicitud nuestra a un tercero.<\/li>\n<li>Cookies de terceros: estas son cookies que establece una entidad distinta del sitio web que est\u00e1 visitando. Si visita el sitio web de BEBELANDIA S.A.] o utiliza el servicio de BEBELANDIA S.A. y otra entidad establece una cookie a trav\u00e9s de ese sitio web, ser\u00eda una cookie de terceros.<\/li>\n<\/ul>\n<\/li>\n<\/ul>\n<p>Las cookies tambi\u00e9n difieren en funci\u00f3n del prop\u00f3sito para el cual se utilicen, entre ellos:<\/p>\n<table>\n<tbody>\n<tr>\n<td width=\"179\"><strong>Tipo de cookie<\/strong><\/td>\n<td width=\"387\"><strong>Prop\u00f3sito<\/strong><\/td>\n<\/tr>\n<tr>\n<td width=\"179\"><strong>Cookies estrictamente necesarias<\/strong><\/td>\n<td width=\"387\">Estas cookies son fundamentales para permitirle utilizar las funciones de nuestros servicios. Sin estas cookies, no se podr\u00e1n proporcionar los servicios que haya solicitado (por ejemplo, la facturaci\u00f3n electr\u00f3nica).<\/p>\n<p>En resumen, estas cookies permiten el uso de servicios que usted haya solicitado espec\u00edficamente y facilitan el uso de nuestros servicios.<\/td>\n<\/tr>\n<tr>\n<td width=\"179\"><strong>Cookies de rendimiento<\/strong><\/td>\n<td width=\"387\">Estas cookies recopilan informaci\u00f3n acerca de c\u00f3mo los visitantes utilizan nuestros servicios. Estas cookies recopilan informaci\u00f3n an\u00f3nima sobre las p\u00e1ginas visitadas. Toda la informaci\u00f3n que estas cookies recopilan es informaci\u00f3n combinada y, por lo tanto, es an\u00f3nima. Solo se utiliza para mejorar el rendimiento de nuestros servicios.<\/p>\n<p>Los an\u00e1lisis web en los que se utilizan cookies para recopilar datos a fin de mejorar el rendimiento de un sitio web pertenecen a esta categor\u00eda. Por ejemplo, se pueden utilizar para probar dise\u00f1os y garantizar que se mantenga una apariencia constante para el usuario. En esta categor\u00eda no se incluyen las cookies utilizadas para redes publicitarias orientadas o por comportamiento.<\/td>\n<\/tr>\n<tr>\n<td width=\"179\"><strong>Cookies de funcionalidad<\/strong><\/td>\n<td width=\"387\">Estas cookies le permiten al sitio web recordar las selecciones que realiza (como su nombre de usuario, su idioma o la regi\u00f3n en la que se encuentra) y ofrecer funciones mejores y m\u00e1s personales. Estas cookies tambi\u00e9n se pueden utilizar para recordar los cambios que haya realizado en el tama\u00f1o de texto, las fuentes y otras caracter\u00edsticas de las p\u00e1ginas web que puede personalizar. La informaci\u00f3n que estas cookies recopilan se puede anonimizar y no podr\u00e1n realizar un seguimiento de su actividad de navegaci\u00f3n en otros sitios web.<\/p>\n<p>Estas cookies recuerdan sus elecciones para mejorar su experiencia.<\/p>\n<p>Si se utiliza la misma cookie para volver a realizar una focalizaci\u00f3n, tambi\u00e9n se debe incluir en la categor\u00eda de \u00abcookies de focalizaci\u00f3n o publicidad\u00bb. Tambi\u00e9n podr\u00eda incluir cookies que se utilizan para proporcionar una funci\u00f3n espec\u00edfica, pero en caso de que esa funci\u00f3n incluya cookies utilizadas para redes publicitarias orientadas o por comportamiento, se deben incluir en la categor\u00eda \u00abcookies de focalizaci\u00f3n o publicidad\u00bb, as\u00ed como en esta categor\u00eda.<\/td>\n<\/tr>\n<tr>\n<td width=\"179\"><strong>Cookies de focalizaci\u00f3n o publicidad<\/strong><\/td>\n<td width=\"387\">Estas cookies se utilizan para ofrecer anuncios m\u00e1s pertinentes para usted y sus intereses. Tambi\u00e9n se utilizan para limitar la cantidad de veces que ve un anuncio, as\u00ed como para ayudar a medir la eficacia de las campa\u00f1as de publicidad. Generalmente las colocan las redes de publicidad con el permiso del operador del sitio web. Estas recuerdan los sitios web que haya visitado y comparten esta informaci\u00f3n con otras organizaciones, como publicistas. Muy a menudo las cookies de focalizaci\u00f3n o publicidad se vincular\u00e1n con la funcionalidad del sitio proporcionada por otras organizaciones.<\/p>\n<p>Estas cookies recopilan informaci\u00f3n acerca de sus h\u00e1bitos de navegaci\u00f3n para que la publicidad sea pertinente para usted y sus intereses.<\/td>\n<\/tr>\n<\/tbody>\n<\/table>\n<p>&nbsp;<\/p>\n<ol start=\"2\">\n<li><strong><u> C\u00f3mo utilizamos cookies<\/u><\/strong><\/li>\n<\/ol>\n<p>BEBELANDIA S.A. \u00a0o los proveedores de servicios que act\u00faan en nuestro nombre, utilizan los tipos de cookies identificados anteriormente en la secci\u00f3n 1 de las siguientes maneras:<\/p>\n<table>\n<tbody>\n<tr>\n<td width=\"189\"><strong>Tipo de cookie<\/strong><\/td>\n<td width=\"377\"><strong>Prop\u00f3sito<\/strong><\/td>\n<\/tr>\n<tr>\n<td width=\"189\">Estrictamente necesarias<\/td>\n<td width=\"377\">Estas cookies son necesarias para que podamos brindar el servicio de BEBELANDIA S.A. \u00a0como usted lo haya solicitado. Por ejemplo, nos permiten reconocer qu\u00e9 tipo de suscriptor es y luego proporcionarle servicios seg\u00fan corresponda.<\/td>\n<\/tr>\n<tr>\n<td width=\"189\">Rendimiento o an\u00e1lisis<\/td>\n<td width=\"377\">Utilizamos cookies y otras tecnolog\u00edas similares para analizar la manera en que se accede, se utiliza o funciona el servicio de BEBELANDIA S.A. Utilizamos esta informaci\u00f3n para mantener, operar y mejorar continuamente el servicio de BEBELANDIA S.A.. Tambi\u00e9n podemos obtener informaci\u00f3n de nuestros boletines de email u otras comunicaciones que le enviemos, incluso si abri\u00f3 o reenvi\u00f3 un bolet\u00edn o hizo clic en cualquier parte de su contenido. Esta informaci\u00f3n nos muestra la eficacia de nuestros boletines y nos permite asegurarnos de estar entregando informaci\u00f3n que le parezca interesante.<\/td>\n<\/tr>\n<tr>\n<td width=\"189\">Funcionales<\/td>\n<td width=\"377\">Estas cookies nos permiten operar el servicio de BEBELANDIA S.A. \u00a0seg\u00fan sus preferencias. Por ejemplo, cuando sigue utilizando el servicio de BEBELANDIA S.A. \u00a0o vuelve a este, podemos ofrecerle nuestros servicios en funci\u00f3n de la informaci\u00f3n que nos proporciona, como recordar su nombre de usuario, c\u00f3mo ha personalizado nuestros servicios y record\u00e1ndole el contenido que haya visitado.<\/td>\n<\/tr>\n<tr>\n<td width=\"189\">Publicidad orientada<\/td>\n<td width=\"377\">Utilizamos estas cookies y otras tecnolog\u00edas similares para ofrecerle anuncios que pueden ser pertinentes para usted y sus intereses, incluida la publicidad basada en intereses. La informaci\u00f3n tambi\u00e9n puede se puede utilizar para registrar la cantidad de veces que ha visto un determinado anuncio, para asegurarnos de no mostrarle el mismo anuncio repetidas veces y para poder medir su eficacia.<\/td>\n<\/tr>\n<tr>\n<td width=\"189\"><strong>Terceros<\/strong><\/td>\n<td width=\"377\">Podemos permitir que nuestros socios comerciales\u00a0utilicen cookies u otras tecnolog\u00edas similares en el servicio de BEBELANDIA S.A. \u00a0o fuera de este para los mismos fines identificados anteriormente, incluida la recopilaci\u00f3n de informaci\u00f3n acerca de sus actividades en l\u00ednea con el paso del tiempo y en distintos sitios web, aplicaciones o dispositivos.<\/td>\n<\/tr>\n<\/tbody>\n<\/table>\n<p>&nbsp;<\/p>\n<ol start=\"3\">\n<li><strong><u> C\u00f3mo administrar sus preferencias de cookies<\/u><\/strong><\/li>\n<\/ol>\n<p><em><u>Cookies del navegador<\/u><\/em><\/p>\n<p>Puede retirar o modificar su consentimiento a nuestro uso de las cookies en cualquier momento. Si ya no desea recibir cookies, puede utilizar la configuraci\u00f3n de su navegador web para aceptar, rechazar y eliminar las cookies. Para ello, siga las instrucciones proporcionadas en su navegador (normalmente se encuentran en los ajustes de \u00abAyuda\u00bb, \u00abHerramientas\u00bb o \u00abEditar\u00bb).<\/p>\n<p>Tenga en cuenta que si configura el navegador para rechazar las cookies, es posible que no pueda utilizar todas las funciones del sitio web de BEBELANDIA S.A. Para obtener m\u00e1s informaci\u00f3n, puede visitar www.allaboutcookies.org.<\/p>\n<p><em><u>Identificadores m\u00f3viles<\/u><\/em><\/p>\n<p>En su dispositivo m\u00f3vil, el sistema operativo puede proporcionar opciones adicionales para elegir no recibir publicidad en funci\u00f3n de sus intereses o restablecer sus identificadores m\u00f3viles. Por ejemplo, puede utilizar el ajuste \u00abLimit Ad Tracking\u00bb (Limitar el seguimiento de anuncios) (en dispositivos iOS) o un ajuste para \u00abOpt out of Interest-Based Ads\u00bb (Dejar de recibir anuncios en funci\u00f3n de mis intereses) (en Android), lo que le permite limitar el uso de la informaci\u00f3n acerca de su uso de las aplicaciones con el fin de ofrecer anuncios orientados a sus intereses.<\/p>\n<p><em><u>Publicidad basada en intereses<\/u><\/em><\/p>\n<p>Ciertos anuncios orientados que nosotros (o un proveedor de servicios que act\u00fae en nuestro nombre) le mostramos en funci\u00f3n de la informaci\u00f3n acerca de sus actividades en l\u00ednea en sitios web y otras propiedades interactivas operadas por terceros podr\u00edan incluir el \u00edcono de \u00abAdChoices\u00bb u otro mecanismo para dejar de recibir anuncios basados en intereses. Puede hacer clic en el \u00edcono AdChoices o visitar www.aboutads.info para recibir m\u00e1s informaci\u00f3n sobre la recopilaci\u00f3n y el uso de informaci\u00f3n acerca de sus actividades en l\u00ednea para recibir publicidad basada en sus intereses o para saber c\u00f3mo impedir que sus datos sean utilizados para la publicidad basada en intereses por parte de empresas participantes de Digital Advertising Alliance (DAA).<\/p>\n<p>La herramienta de deshabilitaci\u00f3n de NAI (Network Advertising Initiative, Iniciativa de Publicidad en Red) en www.networkadvertising.org\/choices le permite impedir que se utilice la informaci\u00f3n sobre sus actividades en l\u00ednea para que las empresas pertenecientes a NAI publiciten anuncios basados en intereses.<\/p>\n<p>Tenga en cuenta que si deshabilita las cookies que permiten la publicidad basada en intereses no dejar\u00e1 de recibir publicidad; simplemente, dejar\u00e1 de recibir anuncios de acuerdo con sus preferencias o datos de uso.<\/p>\n<ol start=\"4\">\n<li><strong><u> Actualizaciones de esta Pol\u00edtica<\/u><\/strong><\/li>\n<\/ol>\n<p>De vez en cuando, es posible que realicemos cambios en esta Pol\u00edtica.<\/p>\n<p>Si realizamos cambios importantes en esta pol\u00edtica, se lo avisaremos en forma adecuada, por ejemplo, mediante un aviso destacado dentro de este sitio o a trav\u00e9s de un email. Podemos notificarle por adelantado.<\/p>\n<p>Si desea obtener m\u00e1s informaci\u00f3n acerca de esta Pol\u00edtica de Cookies y c\u00f3mo BEBELANDIA S.A. \u00a0utiliza sus datos personales, puede revisar nuestra Pol\u00edtica de Privacidad o tomar contacto con nosotros.<\/p>\n<ol start=\"5\">\n<li><strong><u> C\u00f3mo comunicarse con nosotros<\/u><\/strong><\/li>\n<\/ol>\n<p>Si tiene cualquier pregunta sobre esta Pol\u00edtica, puede ponerse en contacto con nosotros utilizando el Formulario de Datos Personales, o enviando un correo electr\u00f3nico a datospersonales@bebelandia.com.ec.<\/p>\n<p>BEBELANDIA S.A.. es el responsable del tratamiento de los datos personales objeto de esta Pol\u00edtica.[\/vc_column_text][\/vc_column][\/vc_row]\n<\/div>","protected":false},"excerpt":{"rendered":"<p>[vc_row][vc_column][vc_column_text]Pol\u00edtica de cookies de BEBELANDIA S.A. Este documento contiene la Pol\u00edtica de Cookies de la empresa BEBELANDIA S.A. El objetivo [&hellip;]<\/p>\n","protected":false},"author":1,"featured_media":0,"parent":0,"menu_order":0,"comment_status":"closed","ping_status":"closed","template":"","meta":{"footnotes":""},"class_list":["post-6438","page","type-page","status-publish","hentry"],"_links":{"self":[{"href":"https:\/\/www.born-product.com\/index.php\/wp-json\/wp\/v2\/pages\/6438","targetHints":{"allow":["GET"]}}],"collection":[{"href":"https:\/\/www.born-product.com\/index.php\/wp-json\/wp\/v2\/pages"}],"about":[{"href":"https:\/\/www.born-product.com\/index.php\/wp-json\/wp\/v2\/types\/page"}],"author":[{"embeddable":true,"href":"https:\/\/www.born-product.com\/index.php\/wp-json\/wp\/v2\/users\/1"}],"replies":[{"embeddable":true,"href":"https:\/\/www.born-product.com\/index.php\/wp-json\/wp\/v2\/comments?post=6438"}],"version-history":[{"count":4,"href":"https:\/\/www.born-product.com\/index.php\/wp-json\/wp\/v2\/pages\/6438\/revisions"}],"predecessor-version":[{"id":6490,"href":"https:\/\/www.born-product.com\/index.php\/wp-json\/wp\/v2\/pages\/6438\/revisions\/6490"}],"wp:attachment":[{"href":"https:\/\/www.born-product.com\/index.php\/wp-json\/wp\/v2\/media?parent=6438"}],"curies":[{"name":"wp","href":"https:\/\/api.w.org\/{rel}","templated":true}]}}